{"id":376,"date":"2015-02-23T12:22:19","date_gmt":"2015-02-23T12:22:19","guid":{"rendered":"https:\/\/lakatosuzemmohacs.hu\/home-2\/"},"modified":"2019-07-23T10:37:56","modified_gmt":"2019-07-23T10:37:56","slug":"home","status":"publish","type":"page","link":"https:\/\/lakatosuzemmohacs.hu\/de\/","title":{"rendered":"R\u00f3lunk"},"content":{"rendered":"<html><body>\n<h1><span style=\"font-weight: 400;\">\u00dcber uns<\/span><\/h1>\n<p><span style=\"font-weight: 400;\">Im Januar 2014 kaufte die Steel-Met\u00e1l GmbH das Gel\u00e4nde und die technologischen Einrichtungen der fr\u00fcheren \u00c9pg\u00e9p-Duna \u00c9p\u00edt\u0151g\u00e9pgy\u00e1rt\u00f3 Kft. (\u00c9pg\u00e9p-Duna Baumaschinenproduktions GmbH).\u00a0 Mit diesem Aufkauf er\u00f6ffnete die GmbH ihren vierten Standort. Am Standort in Moh\u00e1cs betreibt das Unternehmen derzeit, \u00e4hnlich wie fr\u00fcher, auf einer Gesamtfl\u00e4che von 35.000m2 in der\u00a0 5.000 m2 gro\u00dfen Produktions- und Montagehalle einen Schlossereibetrieb. Die Zahl der Mitarbeiter betr\u00e4gt derzeitig 18 und soll in den kommenden Jahren kontinuierlich erweitert werden.<\/span><\/p>\n<h3><span style=\"font-weight: 400;\">Unsere Hauptt\u00e4tigkeiten<\/span><\/h3>\n<ul>\n<li><span style=\"font-weight: 400;\">Siloherstellung<\/span><\/li>\n<li><span style=\"font-weight: 400;\">Herstellung von gro\u00dfen, zylindrischen K\u00f6rpern<\/span><\/li>\n<li><span style=\"font-weight: 400;\">Herstellung allgemeiner Stahlkonstruktionen<\/span><\/li>\n<li><span style=\"font-weight: 400;\">Herstellung\u00a0 von Sonderbaumaschinen<\/span><\/li>\n<li><span style=\"font-weight: 400;\">Herstellung von Sonderstahlkonstruktionen <\/span><\/li>\n<li><span style=\"font-weight: 400;\">Herstellung von Ger\u00fcsten und Geb\u00e4udekonstruktionen<\/span><\/li>\n<li><span style=\"font-weight: 400;\">Herstellung von rostfreien Konstruktionen und Lagertanks<\/span><\/li>\n<li><span style=\"font-weight: 400;\">Herstellung und strukturelle Erneuerung von Sondermaschinen oder Teileinheiten<\/span><\/li>\n<\/ul>\n<h3><span style=\"font-weight: 400;\">\u00a0Schwei\u00dfzertifikat<\/span><\/h3>\n<p><span class=\"aligncenter wp-image-541 size-full wp-image-wrapper\"><a href=\"https:\/\/lakatosuzemmohacs.hu\/app\/uploads\/2018\/06\/tanusitvany.pdf\"><img loading=\"lazy\" class=\"aligncenter wp-image-541 size-full\" src=\"https:\/\/lakatosuzemmohacs.hu\/app\/uploads\/2018\/06\/tanusitvany-elonezeti.png\" alt=\"\" width=\"761\" height=\"263\" srcset=\"https:\/\/lakatosuzemmohacs.hu\/app\/uploads\/2018\/06\/tanusitvany-elonezeti.png 761w, https:\/\/lakatosuzemmohacs.hu\/app\/uploads\/2018\/06\/tanusitvany-elonezeti-300x104.png 300w\" sizes=\"(max-width: 761px) 100vw, 761px\"><\/a><\/span><\/p>\n<\/body><\/html>","protected":false},"excerpt":{"rendered":"<p>\u00dcber uns Im Januar 2014 kaufte die Steel-Met\u00e1l GmbH das Gel\u00e4nde und die technologischen Einrichtungen der fr\u00fcheren \u00c9pg\u00e9p-Duna \u00c9p\u00edt\u0151g\u00e9pgy\u00e1rt\u00f3 Kft. (\u00c9pg\u00e9p-Duna Baumaschinenproduktions GmbH).\u00a0 Mit diesem Aufkauf er\u00f6ffnete die GmbH ihren vierten Standort. Am Standort in Moh\u00e1cs betreibt das Unternehmen derzeit, \u00e4hnlich wie fr\u00fcher, auf einer Gesamtfl\u00e4che von 35.000m2 in der\u00a0 5.000 m2 gro\u00dfen Produktions- und &hellip; <a href=\"https:\/\/lakatosuzemmohacs.hu\/de\/\">Continued<\/a><\/p>\n","protected":false},"author":1,"featured_media":0,"parent":0,"menu_order":27,"comment_status":"open","ping_status":"open","template":"","meta":[],"yoast_head":"<!-- This site is optimized with the Yoast SEO plugin v16.2 - https:\/\/yoast.com\/wordpress\/plugins\/seo\/ -->\n<meta name=\"description\" content=\"A Steel-Met\u00e1l Lakatos\u00fczem sil\u00f3k, k\u00fapok, t\u00e1rol\u00f3tart\u00e1lyok, ac\u00e9lszerkezetek \u00e9s nagym\u00e9ret\u0171 hengeres testek gy\u00e1rt\u00e1s\u00e1val foglalkozik r\u00f6vid sz\u00e1ll\u00edt\u00e1si hat\u00e1rid\u0151vel.\" \/>\n<meta name=\"robots\" content=\"index, follow, max-snippet:-1, max-image-preview:large, max-video-preview:-1\" \/>\n<link rel=\"canonical\" href=\"https:\/\/lakatosuzemmohacs.hu\/de\/\" \/>\n<meta property=\"og:locale\" content=\"de_DE\" \/>\n<meta property=\"og:type\" content=\"article\" \/>\n<meta property=\"og:title\" content=\"Sil\u00f3k, t\u00e1rol\u00f3tart\u00e1lyok, ac\u00e9lszerkezetek gy\u00e1rt\u00e1sa | Lakatos\u00fczem Moh\u00e1cs\" \/>\n<meta property=\"og:description\" content=\"A Steel-Met\u00e1l Lakatos\u00fczem sil\u00f3k, k\u00fapok, t\u00e1rol\u00f3tart\u00e1lyok, ac\u00e9lszerkezetek \u00e9s nagym\u00e9ret\u0171 hengeres testek gy\u00e1rt\u00e1s\u00e1val foglalkozik r\u00f6vid sz\u00e1ll\u00edt\u00e1si hat\u00e1rid\u0151vel.\" \/>\n<meta property=\"og:url\" content=\"https:\/\/lakatosuzemmohacs.hu\/de\/\" \/>\n<meta property=\"og:site_name\" content=\"Lakatos\u00fczem Moh\u00e1cs\" \/>\n<meta property=\"article:modified_time\" content=\"2019-07-23T10:37:56+00:00\" \/>\n<meta property=\"og:image\" content=\"https:\/\/lakatosuzemmohacs.hu\/app\/uploads\/2018\/06\/tanusitvany-elonezeti.png\" \/>\n<meta name=\"twitter:label1\" content=\"Gesch\u00e4tzte Lesezeit\">\n\t<meta name=\"twitter:data1\" content=\"1 Minute\">\n<script type=\"application\/ld+json\" class=\"yoast-schema-graph\">{\"@context\":\"https:\/\/schema.org\",\"@graph\":[{\"@type\":\"WebSite\",\"@id\":\"https:\/\/lakatosuzemmohacs.hu\/#website\",\"url\":\"https:\/\/lakatosuzemmohacs.hu\/\",\"name\":\"Lakatos\\u00fczem Moh\\u00e1cs\",\"description\":\"Ac\\u00e9lszerkezetek, \\u00e9p\\u00edt\\u0151ipari g\\u00e9pek \\u00e9s hengeres testek gy\\u00e1rt\\u00e1sa Moh\\u00e1cson - STEEL-MET\\u00c1L Lakatos\\u00fczem\",\"potentialAction\":[{\"@type\":\"SearchAction\",\"target\":\"https:\/\/lakatosuzemmohacs.hu\/?s={search_term_string}\",\"query-input\":\"required name=search_term_string\"}],\"inLanguage\":\"de-DE\"},{\"@type\":\"ImageObject\",\"@id\":\"https:\/\/lakatosuzemmohacs.hu\/de\/#primaryimage\",\"inLanguage\":\"de-DE\",\"url\":\"https:\/\/lakatosuzemmohacs.hu\/app\/uploads\/2018\/06\/tanusitvany-elonezeti.png\",\"contentUrl\":\"https:\/\/lakatosuzemmohacs.hu\/app\/uploads\/2018\/06\/tanusitvany-elonezeti.png\"},{\"@type\":\"WebPage\",\"@id\":\"https:\/\/lakatosuzemmohacs.hu\/de\/#webpage\",\"url\":\"https:\/\/lakatosuzemmohacs.hu\/de\/\",\"name\":\"Sil\\u00f3k, t\\u00e1rol\\u00f3tart\\u00e1lyok, ac\\u00e9lszerkezetek gy\\u00e1rt\\u00e1sa | Lakatos\\u00fczem Moh\\u00e1cs\",\"isPartOf\":{\"@id\":\"https:\/\/lakatosuzemmohacs.hu\/#website\"},\"primaryImageOfPage\":{\"@id\":\"https:\/\/lakatosuzemmohacs.hu\/de\/#primaryimage\"},\"datePublished\":\"2015-02-23T12:22:19+00:00\",\"dateModified\":\"2019-07-23T10:37:56+00:00\",\"description\":\"A Steel-Met\\u00e1l Lakatos\\u00fczem sil\\u00f3k, k\\u00fapok, t\\u00e1rol\\u00f3tart\\u00e1lyok, ac\\u00e9lszerkezetek \\u00e9s nagym\\u00e9ret\\u0171 hengeres testek gy\\u00e1rt\\u00e1s\\u00e1val foglalkozik r\\u00f6vid sz\\u00e1ll\\u00edt\\u00e1si hat\\u00e1rid\\u0151vel.\",\"breadcrumb\":{\"@id\":\"https:\/\/lakatosuzemmohacs.hu\/de\/#breadcrumb\"},\"inLanguage\":\"de-DE\",\"potentialAction\":[{\"@type\":\"ReadAction\",\"target\":[\"https:\/\/lakatosuzemmohacs.hu\/de\/\"]}]},{\"@type\":\"BreadcrumbList\",\"@id\":\"https:\/\/lakatosuzemmohacs.hu\/de\/#breadcrumb\",\"itemListElement\":[{\"@type\":\"ListItem\",\"position\":1,\"item\":{\"@type\":\"WebPage\",\"@id\":\"https:\/\/lakatosuzemmohacs.hu\/de\/\",\"url\":\"https:\/\/lakatosuzemmohacs.hu\/de\/\",\"name\":\"Hauptsite\"}},{\"@type\":\"ListItem\",\"position\":2,\"item\":{\"@id\":\"https:\/\/lakatosuzemmohacs.hu\/de\/#webpage\"}}]}]}<\/script>\n<!-- \/ Yoast SEO plugin. -->","_links":{"self":[{"href":"https:\/\/lakatosuzemmohacs.hu\/de\/wp-json\/wp\/v2\/pages\/376"}],"collection":[{"href":"https:\/\/lakatosuzemmohacs.hu\/de\/wp-json\/wp\/v2\/pages"}],"about":[{"href":"https:\/\/lakatosuzemmohacs.hu\/de\/wp-json\/wp\/v2\/types\/page"}],"author":[{"embeddable":true,"href":"https:\/\/lakatosuzemmohacs.hu\/de\/wp-json\/wp\/v2\/users\/1"}],"replies":[{"embeddable":true,"href":"https:\/\/lakatosuzemmohacs.hu\/de\/wp-json\/wp\/v2\/comments?post=376"}],"version-history":[{"count":19,"href":"https:\/\/lakatosuzemmohacs.hu\/de\/wp-json\/wp\/v2\/pages\/376\/revisions"}],"predecessor-version":[{"id":572,"href":"https:\/\/lakatosuzemmohacs.hu\/de\/wp-json\/wp\/v2\/pages\/376\/revisions\/572"}],"wp:attachment":[{"href":"https:\/\/lakatosuzemmohacs.hu\/de\/wp-json\/wp\/v2\/media?parent=376"}],"curies":[{"name":"wp","href":"https:\/\/api.w.org\/{rel}","templated":true}]}}