{"id":378,"date":"2015-03-26T12:26:19","date_gmt":"2015-03-26T12:26:19","guid":{"rendered":"https:\/\/lakatosuzemmohacs.hu\/kapcsolat-2\/"},"modified":"2020-09-29T11:17:59","modified_gmt":"2020-09-29T11:17:59","slug":"kontakt","status":"publish","type":"page","link":"https:\/\/lakatosuzemmohacs.hu\/de\/kontakt\/","title":{"rendered":"Kontakt"},"content":{"rendered":"<h3>Bitte kontaktieren Sie unseren Mitarbeiter!<\/h3>\n<section class=\"@coworkers-list\">\n    <h3>Mitarbeitern:<\/h3>\n    <div class=\"row\">\n                    <article class=\"col-xs-12 col-sm-4\">\n                <div class=\"row\">\n                    <div class=\"col-xs-6\">\n                                                    <span>\n                                <img src=\"https:\/\/lakatosuzemmohacs.hu\/app\/uploads\/2015\/04\/nagl-antal_v2.jpg\" alt=\"Antal N\u00e1gl\" width=\"162\" height=\"217\" class=\"alignleft size-full\" \/>\n                            <\/span>\n                                            <\/div>\n                    <div class=\"col-xs-6\">\n                        <strong>Gesch\u00e4ftsf\u00fchrer:<\/strong><br\/>\n                        Antal N\u00e1gl<br\/>\n                        Tel: +36 30 417 8062<br\/>\n                                                    E-mail: <a href=\"mailto:ugyvezeto@s-metal.hu\">ugyvezeto@s-metal.hu<\/a><br\/>\n                                            <\/div>\n                <\/div>\n            <\/article>\n                                <article class=\"col-xs-12 col-sm-4\">\n                <div class=\"row\">\n                    <div class=\"col-xs-6\">\n                                                    <span>\n                                <img src=\"https:\/\/lakatosuzemmohacs.hu\/app\/uploads\/2018\/12\/2018-12-13-ujmunkatars.png\" alt=\"J\u00e1nos Bl\u00e1zsovics\" width=\"161\" height=\"217\" class=\"alignleft size-full\" \/>\n                            <\/span>\n                                            <\/div>\n                    <div class=\"col-xs-6\">\n                        <strong>Abteilungsleiter Technik:<\/strong><br\/>\n                        J\u00e1nos Bl\u00e1zsovics<br\/>\n                        Tel: +36304389135<br\/>\n                                                    E-mail: <a href=\"mailto:janos.blazsovics@s-metal.hu\">janos.blazsovics@s-metal.hu<\/a><br\/>\n                                            <\/div>\n                <\/div>\n            <\/article>\n                                <article class=\"col-xs-12 col-sm-4\">\n                <div class=\"row\">\n                    <div class=\"col-xs-6\">\n                                                    <span>\n                                <img src=\"https:\/\/lakatosuzemmohacs.hu\/app\/uploads\/2015\/04\/schmidt-jozsef.jpg\" alt=\"J\u00f3zsef Schmidt\" width=\"162\" height=\"217\" class=\"alignleft size-full\" \/>\n                            <\/span>\n                                            <\/div>\n                    <div class=\"col-xs-6\">\n                        <strong>Produktionsleiter:<\/strong><br\/>\n                        J\u00f3zsef Schmidt<br\/>\n                        Tel: +36 30 415 2578<br\/>\n                                            <\/div>\n                <\/div>\n            <\/article>\n                            <\/div><hr\/><div class=\"row\">\n                        <\/div>\n<\/section>\n","protected":false},"excerpt":{"rendered":"<p>Bitte kontaktieren Sie unseren Mitarbeiter!<\/p>\n","protected":false},"author":1,"featured_media":0,"parent":0,"menu_order":9,"comment_status":"open","ping_status":"open","template":"","meta":[],"yoast_head":"<!-- This site is optimized with the Yoast SEO plugin v16.2 - https:\/\/yoast.com\/wordpress\/plugins\/seo\/ -->\n<meta name=\"description\" content=\"Ha lakatos\u00fczemi term\u00e9kre vagy szolg\u00e1ltat\u00e1sra van sz\u00fcks\u00e9ge, vegye fel a kapcsolatot a Steel-Met\u00e1l Kft.-vel! K\u00e9rd\u00e9se van? \u00cdrjon nek\u00fcnk!\" \/>\n<meta name=\"robots\" content=\"index, follow, max-snippet:-1, max-image-preview:large, max-video-preview:-1\" \/>\n<link rel=\"canonical\" href=\"https:\/\/lakatosuzemmohacs.hu\/de\/kontakt\/\" \/>\n<meta property=\"og:locale\" content=\"de_DE\" \/>\n<meta property=\"og:type\" content=\"article\" \/>\n<meta property=\"og:title\" content=\"Kapcsolat| Lakatos\u00fczem Moh\u00e1cs\" \/>\n<meta property=\"og:description\" content=\"Ha lakatos\u00fczemi term\u00e9kre vagy szolg\u00e1ltat\u00e1sra van sz\u00fcks\u00e9ge, vegye fel a kapcsolatot a Steel-Met\u00e1l Kft.-vel! K\u00e9rd\u00e9se van? \u00cdrjon nek\u00fcnk!\" \/>\n<meta property=\"og:url\" content=\"https:\/\/lakatosuzemmohacs.hu\/de\/kontakt\/\" \/>\n<meta property=\"og:site_name\" content=\"Lakatos\u00fczem Moh\u00e1cs\" \/>\n<meta property=\"article:modified_time\" content=\"2020-09-29T11:17:59+00:00\" \/>\n<script type=\"application\/ld+json\" class=\"yoast-schema-graph\">{\"@context\":\"https:\/\/schema.org\",\"@graph\":[{\"@type\":\"WebSite\",\"@id\":\"https:\/\/lakatosuzemmohacs.hu\/#website\",\"url\":\"https:\/\/lakatosuzemmohacs.hu\/\",\"name\":\"Lakatos\\u00fczem Moh\\u00e1cs\",\"description\":\"Ac\\u00e9lszerkezetek, \\u00e9p\\u00edt\\u0151ipari g\\u00e9pek \\u00e9s hengeres testek gy\\u00e1rt\\u00e1sa Moh\\u00e1cson - STEEL-MET\\u00c1L Lakatos\\u00fczem\",\"potentialAction\":[{\"@type\":\"SearchAction\",\"target\":\"https:\/\/lakatosuzemmohacs.hu\/?s={search_term_string}\",\"query-input\":\"required name=search_term_string\"}],\"inLanguage\":\"de-DE\"},{\"@type\":\"WebPage\",\"@id\":\"https:\/\/lakatosuzemmohacs.hu\/de\/kontakt\/#webpage\",\"url\":\"https:\/\/lakatosuzemmohacs.hu\/de\/kontakt\/\",\"name\":\"Kapcsolat| Lakatos\\u00fczem Moh\\u00e1cs\",\"isPartOf\":{\"@id\":\"https:\/\/lakatosuzemmohacs.hu\/#website\"},\"datePublished\":\"2015-03-26T12:26:19+00:00\",\"dateModified\":\"2020-09-29T11:17:59+00:00\",\"description\":\"Ha lakatos\\u00fczemi term\\u00e9kre vagy szolg\\u00e1ltat\\u00e1sra van sz\\u00fcks\\u00e9ge, vegye fel a kapcsolatot a Steel-Met\\u00e1l Kft.-vel! K\\u00e9rd\\u00e9se van? \\u00cdrjon nek\\u00fcnk!\",\"breadcrumb\":{\"@id\":\"https:\/\/lakatosuzemmohacs.hu\/de\/kontakt\/#breadcrumb\"},\"inLanguage\":\"de-DE\",\"potentialAction\":[{\"@type\":\"ReadAction\",\"target\":[\"https:\/\/lakatosuzemmohacs.hu\/de\/kontakt\/\"]}]},{\"@type\":\"BreadcrumbList\",\"@id\":\"https:\/\/lakatosuzemmohacs.hu\/de\/kontakt\/#breadcrumb\",\"itemListElement\":[{\"@type\":\"ListItem\",\"position\":1,\"item\":{\"@type\":\"WebPage\",\"@id\":\"https:\/\/lakatosuzemmohacs.hu\/de\/\",\"url\":\"https:\/\/lakatosuzemmohacs.hu\/de\/\",\"name\":\"Hauptsite\"}},{\"@type\":\"ListItem\",\"position\":2,\"item\":{\"@id\":\"https:\/\/lakatosuzemmohacs.hu\/de\/kontakt\/#webpage\"}}]}]}<\/script>\n<!-- \/ Yoast SEO plugin. -->","_links":{"self":[{"href":"https:\/\/lakatosuzemmohacs.hu\/de\/wp-json\/wp\/v2\/pages\/378"}],"collection":[{"href":"https:\/\/lakatosuzemmohacs.hu\/de\/wp-json\/wp\/v2\/pages"}],"about":[{"href":"https:\/\/lakatosuzemmohacs.hu\/de\/wp-json\/wp\/v2\/types\/page"}],"author":[{"embeddable":true,"href":"https:\/\/lakatosuzemmohacs.hu\/de\/wp-json\/wp\/v2\/users\/1"}],"replies":[{"embeddable":true,"href":"https:\/\/lakatosuzemmohacs.hu\/de\/wp-json\/wp\/v2\/comments?post=378"}],"version-history":[{"count":9,"href":"https:\/\/lakatosuzemmohacs.hu\/de\/wp-json\/wp\/v2\/pages\/378\/revisions"}],"predecessor-version":[{"id":615,"href":"https:\/\/lakatosuzemmohacs.hu\/de\/wp-json\/wp\/v2\/pages\/378\/revisions\/615"}],"wp:attachment":[{"href":"https:\/\/lakatosuzemmohacs.hu\/de\/wp-json\/wp\/v2\/media?parent=378"}],"curies":[{"name":"wp","href":"https:\/\/api.w.org\/{rel}","templated":true}]}}