{"id":447,"date":"2015-07-06T08:46:33","date_gmt":"2015-07-06T08:46:33","guid":{"rendered":"https:\/\/lakatosuzemmohacs.hu\/?page_id=447"},"modified":"2016-07-27T10:08:52","modified_gmt":"2016-07-27T10:08:52","slug":"dienstleistungen","status":"publish","type":"page","link":"https:\/\/lakatosuzemmohacs.hu\/de\/dienstleistungen\/","title":{"rendered":"Dienstleistungen"},"content":{"rendered":"<div id=\"envira-gallery-wrap-501\" class=\"envira-gallery-wrap envira-gallery-theme-base envira-lightbox-theme-base\" itemscope itemtype=\"http:\/\/schema.org\/ImageGallery\"><div id=\"envira-gallery-501\" class=\"envira-gallery-public envira-gallery-3-columns envira-clear enviratope envira-gallery-css-animations\" data-envira-columns=\"3\"><div id=\"envira-gallery-item-340\" class=\"envira-gallery-item enviratope-item envira-gallery-item-1\" style=\"padding-left: 5px; padding-bottom: 10px; padding-right: 5px;\"  itemscope itemtype=\"http:\/\/schema.org\/ImageObject\"><div class=\"envira-gallery-item-inner\"><a href=\"https:\/\/lakatosuzemmohacs.hu\/app\/uploads\/2015\/04\/IMG_8643v.jpg\" class=\"envira-gallery-501 envira-gallery-link\" rel=\"enviragallery501\" title=\"IMG_8643v\" data-envira-caption=\"\" data-envira-retina=\"\" data-thumbnail=\"https:\/\/lakatosuzemmohacs.hu\/app\/uploads\/2015\/04\/IMG_8643v-75x50_c.jpg\"  itemprop=\"contentUrl\"><img id=\"envira-gallery-image-340\" class=\"envira-gallery-image envira-gallery-image-1\" data-envira-index=\"1\" src=\"https:\/\/lakatosuzemmohacs.hu\/app\/uploads\/2015\/04\/IMG_8643v-200x300.jpg\" data-envira-src=\"https:\/\/lakatosuzemmohacs.hu\/app\/uploads\/2015\/04\/IMG_8643v-200x300.jpg\" data-envira-gallery-id=\"501\" data-envira-item-id=\"340\" alt=\"sil\u00f3gy\u00e1rt\u00e1s\" title=\"IMG_8643v\"  itemprop=\"thumbnailUrl\" srcset=\"https:\/\/lakatosuzemmohacs.hu\/app\/uploads\/2015\/04\/IMG_8643v.jpg 2x\" \/><\/a><\/div><\/div><div id=\"envira-gallery-item-341\" class=\"envira-gallery-item enviratope-item envira-gallery-item-2\" style=\"padding-left: 5px; padding-bottom: 10px; padding-right: 5px;\"  itemscope itemtype=\"http:\/\/schema.org\/ImageObject\"><div class=\"envira-gallery-item-inner\"><a href=\"https:\/\/lakatosuzemmohacs.hu\/app\/uploads\/2015\/04\/IMG_8646v.jpg\" class=\"envira-gallery-501 envira-gallery-link\" rel=\"enviragallery501\" title=\"IMG_8646v\" data-envira-caption=\"\" data-envira-retina=\"\" data-thumbnail=\"https:\/\/lakatosuzemmohacs.hu\/app\/uploads\/2015\/04\/IMG_8646v-75x50_c.jpg\"  itemprop=\"contentUrl\"><img id=\"envira-gallery-image-341\" class=\"envira-gallery-image envira-gallery-image-2\" data-envira-index=\"2\" src=\"https:\/\/lakatosuzemmohacs.hu\/app\/uploads\/2015\/04\/IMG_8646v-200x300.jpg\" data-envira-src=\"https:\/\/lakatosuzemmohacs.hu\/app\/uploads\/2015\/04\/IMG_8646v-200x300.jpg\" data-envira-gallery-id=\"501\" data-envira-item-id=\"341\" alt=\"Sil\u00f3gy\u00e1rt\u00e1s\" title=\"IMG_8646v\"  itemprop=\"thumbnailUrl\" srcset=\"https:\/\/lakatosuzemmohacs.hu\/app\/uploads\/2015\/04\/IMG_8646v.jpg 2x\" \/><\/a><\/div><\/div><div id=\"envira-gallery-item-342\" class=\"envira-gallery-item enviratope-item envira-gallery-item-3\" style=\"padding-left: 5px; padding-bottom: 10px; padding-right: 5px;\"  itemscope itemtype=\"http:\/\/schema.org\/ImageObject\"><div class=\"envira-gallery-item-inner\"><a href=\"https:\/\/lakatosuzemmohacs.hu\/app\/uploads\/2015\/04\/IMG_8655jv.jpg\" class=\"envira-gallery-501 envira-gallery-link\" rel=\"enviragallery501\" title=\"IMG_8655jv\" data-envira-caption=\"\" data-envira-retina=\"\" data-thumbnail=\"https:\/\/lakatosuzemmohacs.hu\/app\/uploads\/2015\/04\/IMG_8655jv-75x50_c.jpg\"  itemprop=\"contentUrl\"><img id=\"envira-gallery-image-342\" class=\"envira-gallery-image envira-gallery-image-3\" data-envira-index=\"3\" src=\"https:\/\/lakatosuzemmohacs.hu\/app\/uploads\/2015\/04\/IMG_8655jv-177x300.jpg\" data-envira-src=\"https:\/\/lakatosuzemmohacs.hu\/app\/uploads\/2015\/04\/IMG_8655jv-177x300.jpg\" data-envira-gallery-id=\"501\" data-envira-item-id=\"342\" alt=\"Henger\u00edt\u00e9s\" title=\"IMG_8655jv\"  itemprop=\"thumbnailUrl\" srcset=\"https:\/\/lakatosuzemmohacs.hu\/app\/uploads\/2015\/04\/IMG_8655jv.jpg 2x\" \/><\/a><\/div><\/div><div id=\"envira-gallery-item-339\" class=\"envira-gallery-item enviratope-item envira-gallery-item-4\" style=\"padding-left: 5px; padding-bottom: 10px; padding-right: 5px;\"  itemscope itemtype=\"http:\/\/schema.org\/ImageObject\"><div class=\"envira-gallery-item-inner\"><a href=\"https:\/\/lakatosuzemmohacs.hu\/app\/uploads\/2015\/04\/IMG_8625v.jpg\" class=\"envira-gallery-501 envira-gallery-link\" rel=\"enviragallery501\" title=\"IMG_8625v\" data-envira-caption=\"\" data-envira-retina=\"\" data-thumbnail=\"https:\/\/lakatosuzemmohacs.hu\/app\/uploads\/2015\/04\/IMG_8625v-75x50_c.jpg\"  itemprop=\"contentUrl\"><img id=\"envira-gallery-image-339\" class=\"envira-gallery-image envira-gallery-image-4\" data-envira-index=\"4\" src=\"https:\/\/lakatosuzemmohacs.hu\/app\/uploads\/2015\/04\/IMG_8625v-300x200.jpg\" data-envira-src=\"https:\/\/lakatosuzemmohacs.hu\/app\/uploads\/2015\/04\/IMG_8625v-300x200.jpg\" data-envira-gallery-id=\"501\" data-envira-item-id=\"339\" alt=\"sil\u00f3gy\u00e1rt\u00e1s\" title=\"IMG_8625v\"  itemprop=\"thumbnailUrl\" srcset=\"https:\/\/lakatosuzemmohacs.hu\/app\/uploads\/2015\/04\/IMG_8625v.jpg 2x\" \/><\/a><\/div><\/div><div id=\"envira-gallery-item-322\" class=\"envira-gallery-item enviratope-item envira-gallery-item-5\" style=\"padding-left: 5px; padding-bottom: 10px; padding-right: 5px;\"  itemscope itemtype=\"http:\/\/schema.org\/ImageObject\"><div class=\"envira-gallery-item-inner\"><a href=\"https:\/\/lakatosuzemmohacs.hu\/app\/uploads\/2015\/04\/IMG_0965jv1.jpg\" class=\"envira-gallery-501 envira-gallery-link\" rel=\"enviragallery501\" title=\"IMG_0965jv\" data-envira-caption=\"\" data-envira-retina=\"\" data-thumbnail=\"https:\/\/lakatosuzemmohacs.hu\/app\/uploads\/2015\/04\/IMG_0965jv1-75x50_c.jpg\"  itemprop=\"contentUrl\"><img id=\"envira-gallery-image-322\" class=\"envira-gallery-image envira-gallery-image-5\" data-envira-index=\"5\" src=\"https:\/\/lakatosuzemmohacs.hu\/app\/uploads\/2015\/04\/IMG_0965jv1-300x208.jpg\" data-envira-src=\"https:\/\/lakatosuzemmohacs.hu\/app\/uploads\/2015\/04\/IMG_0965jv1-300x208.jpg\" data-envira-gallery-id=\"501\" data-envira-item-id=\"322\" alt=\"szemcsesz\u00f3r\u00f3 kabin\" title=\"IMG_0965jv\"  itemprop=\"thumbnailUrl\" srcset=\"https:\/\/lakatosuzemmohacs.hu\/app\/uploads\/2015\/04\/IMG_0965jv1.jpg 2x\" \/><\/a><\/div><\/div><div id=\"envira-gallery-item-285\" class=\"envira-gallery-item enviratope-item envira-gallery-item-6\" style=\"padding-left: 5px; padding-bottom: 10px; padding-right: 5px;\"  itemscope itemtype=\"http:\/\/schema.org\/ImageObject\"><div class=\"envira-gallery-item-inner\"><a href=\"https:\/\/lakatosuzemmohacs.hu\/app\/uploads\/2015\/03\/IMG_8944j.jpg\" class=\"envira-gallery-501 envira-gallery-link\" rel=\"enviragallery501\" title=\"IMG_8944j\" data-envira-caption=\"\" data-envira-retina=\"\" data-thumbnail=\"https:\/\/lakatosuzemmohacs.hu\/app\/uploads\/2015\/03\/IMG_8944j-75x50_c.jpg\"  itemprop=\"contentUrl\"><img id=\"envira-gallery-image-285\" class=\"envira-gallery-image envira-gallery-image-6\" data-envira-index=\"6\" src=\"https:\/\/lakatosuzemmohacs.hu\/app\/uploads\/2015\/03\/IMG_8944j-200x300.jpg\" data-envira-src=\"https:\/\/lakatosuzemmohacs.hu\/app\/uploads\/2015\/03\/IMG_8944j-200x300.jpg\" data-envira-gallery-id=\"501\" data-envira-item-id=\"285\" alt=\"lakatos\u00fczem\" title=\"IMG_8944j\"  itemprop=\"thumbnailUrl\" srcset=\"https:\/\/lakatosuzemmohacs.hu\/app\/uploads\/2015\/03\/IMG_8944j.jpg 2x\" \/><\/a><\/div><\/div><div id=\"envira-gallery-item-316\" class=\"envira-gallery-item enviratope-item envira-gallery-item-7\" style=\"padding-left: 5px; padding-bottom: 10px; padding-right: 5px;\"  itemscope itemtype=\"http:\/\/schema.org\/ImageObject\"><div class=\"envira-gallery-item-inner\"><a href=\"https:\/\/lakatosuzemmohacs.hu\/app\/uploads\/2015\/04\/IMG_0965j.jpg\" class=\"envira-gallery-501 envira-gallery-link\" rel=\"enviragallery501\" title=\"IMG_0965j\" data-envira-caption=\"\" data-envira-retina=\"\" data-thumbnail=\"https:\/\/lakatosuzemmohacs.hu\/app\/uploads\/2015\/04\/IMG_0965j-75x50_c.jpg\"  itemprop=\"contentUrl\"><img id=\"envira-gallery-image-316\" class=\"envira-gallery-image envira-gallery-image-7\" data-envira-index=\"7\" src=\"https:\/\/lakatosuzemmohacs.hu\/app\/uploads\/2015\/04\/IMG_0965j-300x208.jpg\" data-envira-src=\"https:\/\/lakatosuzemmohacs.hu\/app\/uploads\/2015\/04\/IMG_0965j-300x208.jpg\" data-envira-gallery-id=\"501\" data-envira-item-id=\"316\" alt=\"szemcsesz\u00f3r\u00f3 kabin\" title=\"IMG_0965j\"  itemprop=\"thumbnailUrl\" srcset=\"https:\/\/lakatosuzemmohacs.hu\/app\/uploads\/2015\/04\/IMG_0965j.jpg 2x\" \/><\/a><\/div><\/div><div id=\"envira-gallery-item-333\" class=\"envira-gallery-item enviratope-item envira-gallery-item-8\" style=\"padding-left: 5px; padding-bottom: 10px; padding-right: 5px;\"  itemscope itemtype=\"http:\/\/schema.org\/ImageObject\"><div class=\"envira-gallery-item-inner\"><a href=\"https:\/\/lakatosuzemmohacs.hu\/app\/uploads\/2015\/04\/Szolg\u00e1ltat\u00e1sok-f\u00fclJ2.jpg\" class=\"envira-gallery-501 envira-gallery-link\" rel=\"enviragallery501\" title=\"Szolg\u00e1ltat\u00e1sok f\u00fclJ\" data-envira-caption=\"\" data-envira-retina=\"\" data-thumbnail=\"https:\/\/lakatosuzemmohacs.hu\/app\/uploads\/2015\/04\/Szolg\u00e1ltat\u00e1sok-f\u00fclJ2-75x50_c.jpg\"  itemprop=\"contentUrl\"><img id=\"envira-gallery-image-333\" class=\"envira-gallery-image envira-gallery-image-8\" data-envira-index=\"8\" src=\"https:\/\/lakatosuzemmohacs.hu\/app\/uploads\/2015\/04\/Szolg\u00e1ltat\u00e1sok-f\u00fclJ2-300x274.jpg\" data-envira-src=\"https:\/\/lakatosuzemmohacs.hu\/app\/uploads\/2015\/04\/Szolg\u00e1ltat\u00e1sok-f\u00fclJ2-300x274.jpg\" data-envira-gallery-id=\"501\" data-envira-item-id=\"333\" alt=\"henger\u00edt\u00e9s\" title=\"Szolg\u00e1ltat\u00e1sok f\u00fclJ\"  itemprop=\"thumbnailUrl\" srcset=\"https:\/\/lakatosuzemmohacs.hu\/app\/uploads\/2015\/04\/Szolg\u00e1ltat\u00e1sok-f\u00fclJ2.jpg 2x\" \/><\/a><\/div><\/div><div id=\"envira-gallery-item-338\" class=\"envira-gallery-item enviratope-item envira-gallery-item-9\" style=\"padding-left: 5px; padding-bottom: 10px; padding-right: 5px;\"  itemscope itemtype=\"http:\/\/schema.org\/ImageObject\"><div class=\"envira-gallery-item-inner\"><a href=\"https:\/\/lakatosuzemmohacs.hu\/app\/uploads\/2015\/04\/IMG_8529v.jpg\" class=\"envira-gallery-501 envira-gallery-link\" rel=\"enviragallery501\" title=\"IMG_8529v\" data-envira-caption=\"\" data-envira-retina=\"\" data-thumbnail=\"https:\/\/lakatosuzemmohacs.hu\/app\/uploads\/2015\/04\/IMG_8529v-75x50_c.jpg\"  itemprop=\"contentUrl\"><img id=\"envira-gallery-image-338\" class=\"envira-gallery-image envira-gallery-image-9\" data-envira-index=\"9\" src=\"https:\/\/lakatosuzemmohacs.hu\/app\/uploads\/2015\/04\/IMG_8529v-300x200.jpg\" data-envira-src=\"https:\/\/lakatosuzemmohacs.hu\/app\/uploads\/2015\/04\/IMG_8529v-300x200.jpg\" data-envira-gallery-id=\"501\" data-envira-item-id=\"338\" alt=\"sil\u00f3gy\u00e1rt\u00e1s\" title=\"IMG_8529v\"  itemprop=\"thumbnailUrl\" srcset=\"https:\/\/lakatosuzemmohacs.hu\/app\/uploads\/2015\/04\/IMG_8529v.jpg 2x\" \/><\/a><\/div><\/div><div id=\"envira-gallery-item-337\" class=\"envira-gallery-item enviratope-item envira-gallery-item-10\" style=\"padding-left: 5px; padding-bottom: 10px; padding-right: 5px;\"  itemscope itemtype=\"http:\/\/schema.org\/ImageObject\"><div class=\"envira-gallery-item-inner\"><a href=\"https:\/\/lakatosuzemmohacs.hu\/app\/uploads\/2015\/04\/IMG_8521v.jpg\" class=\"envira-gallery-501 envira-gallery-link\" rel=\"enviragallery501\" title=\"IMG_8521v\" data-envira-caption=\"\" data-envira-retina=\"\" data-thumbnail=\"https:\/\/lakatosuzemmohacs.hu\/app\/uploads\/2015\/04\/IMG_8521v-75x50_c.jpg\"  itemprop=\"contentUrl\"><img id=\"envira-gallery-image-337\" class=\"envira-gallery-image envira-gallery-image-10\" data-envira-index=\"10\" src=\"https:\/\/lakatosuzemmohacs.hu\/app\/uploads\/2015\/04\/IMG_8521v-300x200.jpg\" data-envira-src=\"https:\/\/lakatosuzemmohacs.hu\/app\/uploads\/2015\/04\/IMG_8521v-300x200.jpg\" data-envira-gallery-id=\"501\" data-envira-item-id=\"337\" alt=\"henger\u00edt\u00e9s\" title=\"IMG_8521v\"  itemprop=\"thumbnailUrl\" srcset=\"https:\/\/lakatosuzemmohacs.hu\/app\/uploads\/2015\/04\/IMG_8521v.jpg 2x\" \/><\/a><\/div><\/div><div id=\"envira-gallery-item-228\" class=\"envira-gallery-item enviratope-item envira-gallery-item-11\" style=\"padding-left: 5px; padding-bottom: 10px; padding-right: 5px;\"  itemscope itemtype=\"http:\/\/schema.org\/ImageObject\"><div class=\"envira-gallery-item-inner\"><a href=\"https:\/\/lakatosuzemmohacs.hu\/app\/uploads\/2015\/03\/IMG_8471.jpg\" class=\"envira-gallery-501 envira-gallery-link\" rel=\"enviragallery501\" title=\"IMG_8471\" data-envira-caption=\"\" data-envira-retina=\"\" data-thumbnail=\"https:\/\/lakatosuzemmohacs.hu\/app\/uploads\/2015\/03\/IMG_8471-75x50_c.jpg\"  itemprop=\"contentUrl\"><img id=\"envira-gallery-image-228\" class=\"envira-gallery-image envira-gallery-image-11\" data-envira-index=\"11\" src=\"https:\/\/lakatosuzemmohacs.hu\/app\/uploads\/2015\/03\/IMG_8471-300x200.jpg\" data-envira-src=\"https:\/\/lakatosuzemmohacs.hu\/app\/uploads\/2015\/03\/IMG_8471-300x200.jpg\" data-envira-gallery-id=\"501\" data-envira-item-id=\"228\" alt=\"henger\u00edt\u00e9s moh\u00e1cs\" title=\"IMG_8471\"  itemprop=\"thumbnailUrl\" srcset=\"https:\/\/lakatosuzemmohacs.hu\/app\/uploads\/2015\/03\/IMG_8471.jpg 2x\" \/><\/a><\/div><\/div><div id=\"envira-gallery-item-335\" class=\"envira-gallery-item enviratope-item envira-gallery-item-12\" style=\"padding-left: 5px; padding-bottom: 10px; padding-right: 5px;\"  itemscope itemtype=\"http:\/\/schema.org\/ImageObject\"><div class=\"envira-gallery-item-inner\"><a href=\"https:\/\/lakatosuzemmohacs.hu\/app\/uploads\/2015\/04\/IMG_8465j.jpg\" class=\"envira-gallery-501 envira-gallery-link\" rel=\"enviragallery501\" title=\"IMG_8465j\" data-envira-caption=\"\" data-envira-retina=\"\" data-thumbnail=\"https:\/\/lakatosuzemmohacs.hu\/app\/uploads\/2015\/04\/IMG_8465j-75x50_c.jpg\"  itemprop=\"contentUrl\"><img id=\"envira-gallery-image-335\" class=\"envira-gallery-image envira-gallery-image-12\" data-envira-index=\"12\" src=\"https:\/\/lakatosuzemmohacs.hu\/app\/uploads\/2015\/04\/IMG_8465j-300x200.jpg\" data-envira-src=\"https:\/\/lakatosuzemmohacs.hu\/app\/uploads\/2015\/04\/IMG_8465j-300x200.jpg\" data-envira-gallery-id=\"501\" data-envira-item-id=\"335\" alt=\"profil henger\u00edt\u00e9s\" title=\"IMG_8465j\"  itemprop=\"thumbnailUrl\" srcset=\"https:\/\/lakatosuzemmohacs.hu\/app\/uploads\/2015\/04\/IMG_8465j.jpg 2x\" \/><\/a><\/div><\/div><div id=\"envira-gallery-item-334\" class=\"envira-gallery-item enviratope-item envira-gallery-item-13\" style=\"padding-left: 5px; padding-bottom: 10px; padding-right: 5px;\"  itemscope itemtype=\"http:\/\/schema.org\/ImageObject\"><div class=\"envira-gallery-item-inner\"><a href=\"https:\/\/lakatosuzemmohacs.hu\/app\/uploads\/2015\/04\/IMG_8463j.jpg\" class=\"envira-gallery-501 envira-gallery-link\" rel=\"enviragallery501\" title=\"IMG_8463j\" data-envira-caption=\"\" data-envira-retina=\"\" data-thumbnail=\"https:\/\/lakatosuzemmohacs.hu\/app\/uploads\/2015\/04\/IMG_8463j-75x50_c.jpg\"  itemprop=\"contentUrl\"><img id=\"envira-gallery-image-334\" class=\"envira-gallery-image envira-gallery-image-13\" data-envira-index=\"13\" src=\"https:\/\/lakatosuzemmohacs.hu\/app\/uploads\/2015\/04\/IMG_8463j-300x200.jpg\" data-envira-src=\"https:\/\/lakatosuzemmohacs.hu\/app\/uploads\/2015\/04\/IMG_8463j-300x200.jpg\" data-envira-gallery-id=\"501\" data-envira-item-id=\"334\" alt=\"k\u00faphenger\u00edt\u00e9s\" title=\"IMG_8463j\"  itemprop=\"thumbnailUrl\" srcset=\"https:\/\/lakatosuzemmohacs.hu\/app\/uploads\/2015\/04\/IMG_8463j.jpg 2x\" \/><\/a><\/div><\/div><div id=\"envira-gallery-item-336\" class=\"envira-gallery-item enviratope-item envira-gallery-item-14\" style=\"padding-left: 5px; padding-bottom: 10px; padding-right: 5px;\"  itemscope itemtype=\"http:\/\/schema.org\/ImageObject\"><div class=\"envira-gallery-item-inner\"><a href=\"https:\/\/lakatosuzemmohacs.hu\/app\/uploads\/2015\/04\/IMG_8471jv.jpg\" class=\"envira-gallery-501 envira-gallery-link\" rel=\"enviragallery501\" title=\"IMG_8471jv\" data-envira-caption=\"\" data-envira-retina=\"\" data-thumbnail=\"https:\/\/lakatosuzemmohacs.hu\/app\/uploads\/2015\/04\/IMG_8471jv-75x50_c.jpg\"  itemprop=\"contentUrl\"><img id=\"envira-gallery-image-336\" class=\"envira-gallery-image envira-gallery-image-14\" data-envira-index=\"14\" src=\"https:\/\/lakatosuzemmohacs.hu\/app\/uploads\/2015\/04\/IMG_8471jv-300x182.jpg\" data-envira-src=\"https:\/\/lakatosuzemmohacs.hu\/app\/uploads\/2015\/04\/IMG_8471jv-300x182.jpg\" data-envira-gallery-id=\"501\" data-envira-item-id=\"336\" alt=\"henger\u00edt\u00e9s\" title=\"IMG_8471jv\"  itemprop=\"thumbnailUrl\" srcset=\"https:\/\/lakatosuzemmohacs.hu\/app\/uploads\/2015\/04\/IMG_8471jv.jpg 2x\" \/><\/a><\/div><\/div><\/div><\/div><noscript><img src=\"https:\/\/lakatosuzemmohacs.hu\/app\/uploads\/2015\/04\/IMG_8643v.jpg\" alt=\"sil\u00f3gy\u00e1rt\u00e1s\" \/><img src=\"https:\/\/lakatosuzemmohacs.hu\/app\/uploads\/2015\/04\/IMG_8646v.jpg\" alt=\"Sil\u00f3gy\u00e1rt\u00e1s\" \/><img src=\"https:\/\/lakatosuzemmohacs.hu\/app\/uploads\/2015\/04\/IMG_8655jv.jpg\" alt=\"Henger\u00edt\u00e9s\" \/><img src=\"https:\/\/lakatosuzemmohacs.hu\/app\/uploads\/2015\/04\/IMG_8625v.jpg\" alt=\"sil\u00f3gy\u00e1rt\u00e1s\" \/><img src=\"https:\/\/lakatosuzemmohacs.hu\/app\/uploads\/2015\/04\/IMG_0965jv1.jpg\" alt=\"szemcsesz\u00f3r\u00f3 kabin\" \/><img src=\"https:\/\/lakatosuzemmohacs.hu\/app\/uploads\/2015\/03\/IMG_8944j.jpg\" alt=\"lakatos\u00fczem\" \/><img src=\"https:\/\/lakatosuzemmohacs.hu\/app\/uploads\/2015\/04\/IMG_0965j.jpg\" alt=\"szemcsesz\u00f3r\u00f3 kabin\" \/><img src=\"https:\/\/lakatosuzemmohacs.hu\/app\/uploads\/2015\/04\/Szolg\u00e1ltat\u00e1sok-f\u00fclJ2.jpg\" alt=\"henger\u00edt\u00e9s\" \/><img src=\"https:\/\/lakatosuzemmohacs.hu\/app\/uploads\/2015\/04\/IMG_8529v.jpg\" alt=\"sil\u00f3gy\u00e1rt\u00e1s\" \/><img src=\"https:\/\/lakatosuzemmohacs.hu\/app\/uploads\/2015\/04\/IMG_8521v.jpg\" alt=\"henger\u00edt\u00e9s\" \/><img src=\"https:\/\/lakatosuzemmohacs.hu\/app\/uploads\/2015\/03\/IMG_8471.jpg\" alt=\"henger\u00edt\u00e9s moh\u00e1cs\" \/><img src=\"https:\/\/lakatosuzemmohacs.hu\/app\/uploads\/2015\/04\/IMG_8465j.jpg\" alt=\"profil henger\u00edt\u00e9s\" \/><img src=\"https:\/\/lakatosuzemmohacs.hu\/app\/uploads\/2015\/04\/IMG_8463j.jpg\" alt=\"k\u00faphenger\u00edt\u00e9s\" \/><img src=\"https:\/\/lakatosuzemmohacs.hu\/app\/uploads\/2015\/04\/IMG_8471jv.jpg\" alt=\"henger\u00edt\u00e9s\" \/><\/noscript>\n","protected":false},"excerpt":{"rendered":"","protected":false},"author":2,"featured_media":0,"parent":0,"menu_order":10,"comment_status":"open","ping_status":"open","template":"","meta":[],"yoast_head":"<!-- This site is optimized with the Yoast SEO plugin v16.2 - https:\/\/yoast.com\/wordpress\/plugins\/seo\/ -->\n<meta name=\"description\" content=\"Unter unseren Dienstleistungen finden Sie Profil walzen, Mantelwalzen, Herstellung von Konusse, Stahlkiesstrahlung und anderen Oberfl\u00e4chenbehandlungen.\" \/>\n<meta name=\"robots\" content=\"index, follow, max-snippet:-1, max-image-preview:large, max-video-preview:-1\" \/>\n<link rel=\"canonical\" href=\"https:\/\/lakatosuzemmohacs.hu\/de\/dienstleistungen\/\" \/>\n<meta property=\"og:locale\" content=\"de_DE\" \/>\n<meta property=\"og:type\" content=\"article\" \/>\n<meta property=\"og:title\" content=\"Schlosserbetrieb Dienstleistungen | Schlossereibetrieb\" \/>\n<meta property=\"og:description\" content=\"Unter unseren Dienstleistungen finden Sie Profil walzen, Mantelwalzen, Herstellung von Konusse, Stahlkiesstrahlung und anderen Oberfl\u00e4chenbehandlungen.\" \/>\n<meta property=\"og:url\" content=\"https:\/\/lakatosuzemmohacs.hu\/de\/dienstleistungen\/\" \/>\n<meta property=\"og:site_name\" content=\"Lakatos\u00fczem Moh\u00e1cs\" \/>\n<meta property=\"article:modified_time\" content=\"2016-07-27T10:08:52+00:00\" \/>\n<script type=\"application\/ld+json\" class=\"yoast-schema-graph\">{\"@context\":\"https:\/\/schema.org\",\"@graph\":[{\"@type\":\"WebSite\",\"@id\":\"https:\/\/lakatosuzemmohacs.hu\/#website\",\"url\":\"https:\/\/lakatosuzemmohacs.hu\/\",\"name\":\"Lakatos\\u00fczem Moh\\u00e1cs\",\"description\":\"Ac\\u00e9lszerkezetek, \\u00e9p\\u00edt\\u0151ipari g\\u00e9pek \\u00e9s hengeres testek gy\\u00e1rt\\u00e1sa Moh\\u00e1cson - STEEL-MET\\u00c1L Lakatos\\u00fczem\",\"potentialAction\":[{\"@type\":\"SearchAction\",\"target\":\"https:\/\/lakatosuzemmohacs.hu\/?s={search_term_string}\",\"query-input\":\"required name=search_term_string\"}],\"inLanguage\":\"de-DE\"},{\"@type\":\"WebPage\",\"@id\":\"https:\/\/lakatosuzemmohacs.hu\/de\/dienstleistungen\/#webpage\",\"url\":\"https:\/\/lakatosuzemmohacs.hu\/de\/dienstleistungen\/\",\"name\":\"Schlosserbetrieb Dienstleistungen | Schlossereibetrieb\",\"isPartOf\":{\"@id\":\"https:\/\/lakatosuzemmohacs.hu\/#website\"},\"datePublished\":\"2015-07-06T08:46:33+00:00\",\"dateModified\":\"2016-07-27T10:08:52+00:00\",\"description\":\"Unter unseren Dienstleistungen finden Sie Profil walzen, Mantelwalzen, Herstellung von Konusse, Stahlkiesstrahlung und anderen Oberfl\\u00e4chenbehandlungen.\",\"breadcrumb\":{\"@id\":\"https:\/\/lakatosuzemmohacs.hu\/de\/dienstleistungen\/#breadcrumb\"},\"inLanguage\":\"de-DE\",\"potentialAction\":[{\"@type\":\"ReadAction\",\"target\":[\"https:\/\/lakatosuzemmohacs.hu\/de\/dienstleistungen\/\"]}]},{\"@type\":\"BreadcrumbList\",\"@id\":\"https:\/\/lakatosuzemmohacs.hu\/de\/dienstleistungen\/#breadcrumb\",\"itemListElement\":[{\"@type\":\"ListItem\",\"position\":1,\"item\":{\"@type\":\"WebPage\",\"@id\":\"https:\/\/lakatosuzemmohacs.hu\/de\/\",\"url\":\"https:\/\/lakatosuzemmohacs.hu\/de\/\",\"name\":\"Hauptsite\"}},{\"@type\":\"ListItem\",\"position\":2,\"item\":{\"@id\":\"https:\/\/lakatosuzemmohacs.hu\/de\/dienstleistungen\/#webpage\"}}]}]}<\/script>\n<!-- \/ Yoast SEO plugin. -->","_links":{"self":[{"href":"https:\/\/lakatosuzemmohacs.hu\/de\/wp-json\/wp\/v2\/pages\/447"}],"collection":[{"href":"https:\/\/lakatosuzemmohacs.hu\/de\/wp-json\/wp\/v2\/pages"}],"about":[{"href":"https:\/\/lakatosuzemmohacs.hu\/de\/wp-json\/wp\/v2\/types\/page"}],"author":[{"embeddable":true,"href":"https:\/\/lakatosuzemmohacs.hu\/de\/wp-json\/wp\/v2\/users\/2"}],"replies":[{"embeddable":true,"href":"https:\/\/lakatosuzemmohacs.hu\/de\/wp-json\/wp\/v2\/comments?post=447"}],"version-history":[{"count":2,"href":"https:\/\/lakatosuzemmohacs.hu\/de\/wp-json\/wp\/v2\/pages\/447\/revisions"}],"predecessor-version":[{"id":503,"href":"https:\/\/lakatosuzemmohacs.hu\/de\/wp-json\/wp\/v2\/pages\/447\/revisions\/503"}],"wp:attachment":[{"href":"https:\/\/lakatosuzemmohacs.hu\/de\/wp-json\/wp\/v2\/media?parent=447"}],"curies":[{"name":"wp","href":"https:\/\/api.w.org\/{rel}","templated":true}]}}