{"id":375,"date":"2015-02-23T12:22:19","date_gmt":"2015-02-23T12:22:19","guid":{"rendered":"https:\/\/lakatosuzemmohacs.hu\/home-2\/"},"modified":"2019-07-23T10:43:55","modified_gmt":"2019-07-23T10:43:55","slug":"home","status":"publish","type":"page","link":"https:\/\/lakatosuzemmohacs.hu\/en\/","title":{"rendered":"R\u00f3lunk"},"content":{"rendered":"<html><body>\n<h1><strong>About us<\/strong><\/h1>\n<p>In January 2014 Steel-Met\u00e1l Ltd acquired the former \u00c9pg\u00e9p-Duna \u00c9p\u00edt\u0151g\u00e9pgy\u00e1rt\u00f3 Ltd.\u2019s property and technological equipment. This purchasing allowed the company to open its fourth plant. At the Moh\u00e1cs site, in the 5,000 m<sup>2<\/sup> manufacturing and assembling hall built on a 35,000 m<sup>2<\/sup> area, the company continues to carry out metalworking activities. The number of people employed is currently 18, which will increase gradually in the following years.<\/p>\n<h3><strong>Our main activities<\/strong><\/h3>\n<ul>\n<li>Silo manufacturing<\/li>\n<li>Manufacture of large cylindrical structures<\/li>\n<li>General steel structure manufacturing<\/li>\n<li>Manufacture of custom-designed construction equipment<\/li>\n<li>Manufacture of custom-designed steel structures<\/li>\n<li>Scaffolding and building structure manufacturing<\/li>\n<li>Manufacture of stainless structures and tanks<\/li>\n<li>Manufacture or structural renovation of custom-designed machines or their parts<\/li>\n<\/ul>\n<h3>\u00a0Welding certificate<\/h3>\n<p><span class=\"aligncenter wp-image-541 size-full wp-image-wrapper\"><a href=\"https:\/\/lakatosuzemmohacs.hu\/app\/uploads\/2018\/06\/tanusitvany.pdf\"><img loading=\"lazy\" class=\"aligncenter wp-image-541 size-full\" src=\"https:\/\/lakatosuzemmohacs.hu\/app\/uploads\/2018\/06\/tanusitvany-elonezeti.png\" alt=\"\" width=\"761\" height=\"263\" srcset=\"https:\/\/lakatosuzemmohacs.hu\/app\/uploads\/2018\/06\/tanusitvany-elonezeti.png 761w, https:\/\/lakatosuzemmohacs.hu\/app\/uploads\/2018\/06\/tanusitvany-elonezeti-300x104.png 300w\" sizes=\"(max-width: 761px) 100vw, 761px\"><\/a><\/span><\/p>\n<\/body><\/html>","protected":false},"excerpt":{"rendered":"<p>About us In January 2014 Steel-Met\u00e1l Ltd acquired the former \u00c9pg\u00e9p-Duna \u00c9p\u00edt\u0151g\u00e9pgy\u00e1rt\u00f3 Ltd.\u2019s property and technological equipment. This purchasing allowed the company to open its fourth plant. At the Moh\u00e1cs site, in the 5,000 m2 manufacturing and assembling hall built on a 35,000 m2 area, the company continues to carry out metalworking activities. The number &hellip; <a href=\"https:\/\/lakatosuzemmohacs.hu\/en\/\">Continued<\/a><\/p>\n","protected":false},"author":1,"featured_media":0,"parent":0,"menu_order":27,"comment_status":"open","ping_status":"open","template":"","meta":[],"yoast_head":"<!-- This site is optimized with the Yoast SEO plugin v16.2 - https:\/\/yoast.com\/wordpress\/plugins\/seo\/ -->\n<meta name=\"description\" content=\"A Steel-Met\u00e1l Lakatos\u00fczem sil\u00f3k, k\u00fapok, t\u00e1rol\u00f3tart\u00e1lyok, ac\u00e9lszerkezetek \u00e9s nagym\u00e9ret\u0171 hengeres testek gy\u00e1rt\u00e1s\u00e1val foglalkozik r\u00f6vid sz\u00e1ll\u00edt\u00e1si hat\u00e1rid\u0151vel.\" \/>\n<meta name=\"robots\" content=\"index, follow, max-snippet:-1, max-image-preview:large, max-video-preview:-1\" \/>\n<link rel=\"canonical\" href=\"https:\/\/lakatosuzemmohacs.hu\/en\/\" \/>\n<meta property=\"og:locale\" content=\"en_US\" \/>\n<meta property=\"og:type\" content=\"article\" \/>\n<meta property=\"og:title\" content=\"Sil\u00f3k, t\u00e1rol\u00f3tart\u00e1lyok, ac\u00e9lszerkezetek gy\u00e1rt\u00e1sa | Lakatos\u00fczem Moh\u00e1cs\" \/>\n<meta property=\"og:description\" content=\"A Steel-Met\u00e1l Lakatos\u00fczem sil\u00f3k, k\u00fapok, t\u00e1rol\u00f3tart\u00e1lyok, ac\u00e9lszerkezetek \u00e9s nagym\u00e9ret\u0171 hengeres testek gy\u00e1rt\u00e1s\u00e1val foglalkozik r\u00f6vid sz\u00e1ll\u00edt\u00e1si hat\u00e1rid\u0151vel.\" \/>\n<meta property=\"og:url\" content=\"https:\/\/lakatosuzemmohacs.hu\/en\/\" \/>\n<meta property=\"og:site_name\" content=\"Lakatos\u00fczem Moh\u00e1cs\" \/>\n<meta property=\"article:modified_time\" content=\"2019-07-23T10:43:55+00:00\" \/>\n<meta property=\"og:image\" content=\"https:\/\/lakatosuzemmohacs.hu\/app\/uploads\/2018\/06\/tanusitvany-elonezeti.png\" \/>\n<meta name=\"twitter:label1\" content=\"Est. reading time\">\n\t<meta name=\"twitter:data1\" content=\"1 minute\">\n<script type=\"application\/ld+json\" class=\"yoast-schema-graph\">{\"@context\":\"https:\/\/schema.org\",\"@graph\":[{\"@type\":\"WebSite\",\"@id\":\"https:\/\/lakatosuzemmohacs.hu\/#website\",\"url\":\"https:\/\/lakatosuzemmohacs.hu\/\",\"name\":\"Lakatos\\u00fczem Moh\\u00e1cs\",\"description\":\"Ac\\u00e9lszerkezetek, \\u00e9p\\u00edt\\u0151ipari g\\u00e9pek \\u00e9s hengeres testek gy\\u00e1rt\\u00e1sa Moh\\u00e1cson - STEEL-MET\\u00c1L Lakatos\\u00fczem\",\"potentialAction\":[{\"@type\":\"SearchAction\",\"target\":\"https:\/\/lakatosuzemmohacs.hu\/?s={search_term_string}\",\"query-input\":\"required name=search_term_string\"}],\"inLanguage\":\"en-US\"},{\"@type\":\"ImageObject\",\"@id\":\"https:\/\/lakatosuzemmohacs.hu\/en\/#primaryimage\",\"inLanguage\":\"en-US\",\"url\":\"https:\/\/lakatosuzemmohacs.hu\/app\/uploads\/2018\/06\/tanusitvany-elonezeti.png\",\"contentUrl\":\"https:\/\/lakatosuzemmohacs.hu\/app\/uploads\/2018\/06\/tanusitvany-elonezeti.png\"},{\"@type\":\"WebPage\",\"@id\":\"https:\/\/lakatosuzemmohacs.hu\/en\/#webpage\",\"url\":\"https:\/\/lakatosuzemmohacs.hu\/en\/\",\"name\":\"Sil\\u00f3k, t\\u00e1rol\\u00f3tart\\u00e1lyok, ac\\u00e9lszerkezetek gy\\u00e1rt\\u00e1sa | Lakatos\\u00fczem Moh\\u00e1cs\",\"isPartOf\":{\"@id\":\"https:\/\/lakatosuzemmohacs.hu\/#website\"},\"primaryImageOfPage\":{\"@id\":\"https:\/\/lakatosuzemmohacs.hu\/en\/#primaryimage\"},\"datePublished\":\"2015-02-23T12:22:19+00:00\",\"dateModified\":\"2019-07-23T10:43:55+00:00\",\"description\":\"A Steel-Met\\u00e1l Lakatos\\u00fczem sil\\u00f3k, k\\u00fapok, t\\u00e1rol\\u00f3tart\\u00e1lyok, ac\\u00e9lszerkezetek \\u00e9s nagym\\u00e9ret\\u0171 hengeres testek gy\\u00e1rt\\u00e1s\\u00e1val foglalkozik r\\u00f6vid sz\\u00e1ll\\u00edt\\u00e1si hat\\u00e1rid\\u0151vel.\",\"breadcrumb\":{\"@id\":\"https:\/\/lakatosuzemmohacs.hu\/en\/#breadcrumb\"},\"inLanguage\":\"en-US\",\"potentialAction\":[{\"@type\":\"ReadAction\",\"target\":[\"https:\/\/lakatosuzemmohacs.hu\/en\/\"]}]},{\"@type\":\"BreadcrumbList\",\"@id\":\"https:\/\/lakatosuzemmohacs.hu\/en\/#breadcrumb\",\"itemListElement\":[{\"@type\":\"ListItem\",\"position\":1,\"item\":{\"@type\":\"WebPage\",\"@id\":\"https:\/\/lakatosuzemmohacs.hu\/en\/\",\"url\":\"https:\/\/lakatosuzemmohacs.hu\/en\/\",\"name\":\"Home\"}},{\"@type\":\"ListItem\",\"position\":2,\"item\":{\"@id\":\"https:\/\/lakatosuzemmohacs.hu\/en\/#webpage\"}}]}]}<\/script>\n<!-- \/ Yoast SEO plugin. -->","_links":{"self":[{"href":"https:\/\/lakatosuzemmohacs.hu\/en\/wp-json\/wp\/v2\/pages\/375"}],"collection":[{"href":"https:\/\/lakatosuzemmohacs.hu\/en\/wp-json\/wp\/v2\/pages"}],"about":[{"href":"https:\/\/lakatosuzemmohacs.hu\/en\/wp-json\/wp\/v2\/types\/page"}],"author":[{"embeddable":true,"href":"https:\/\/lakatosuzemmohacs.hu\/en\/wp-json\/wp\/v2\/users\/1"}],"replies":[{"embeddable":true,"href":"https:\/\/lakatosuzemmohacs.hu\/en\/wp-json\/wp\/v2\/comments?post=375"}],"version-history":[{"count":23,"href":"https:\/\/lakatosuzemmohacs.hu\/en\/wp-json\/wp\/v2\/pages\/375\/revisions"}],"predecessor-version":[{"id":573,"href":"https:\/\/lakatosuzemmohacs.hu\/en\/wp-json\/wp\/v2\/pages\/375\/revisions\/573"}],"wp:attachment":[{"href":"https:\/\/lakatosuzemmohacs.hu\/en\/wp-json\/wp\/v2\/media?parent=375"}],"curies":[{"name":"wp","href":"https:\/\/api.w.org\/{rel}","templated":true}]}}