{"id":433,"date":"2015-07-06T08:36:39","date_gmt":"2015-07-06T08:36:39","guid":{"rendered":"https:\/\/lakatosuzemmohacs.hu\/?page_id=433"},"modified":"2016-07-27T10:22:26","modified_gmt":"2016-07-27T10:22:26","slug":"our-factory","status":"publish","type":"page","link":"https:\/\/lakatosuzemmohacs.hu\/en\/our-factory\/","title":{"rendered":"Our factory"},"content":{"rendered":"<div id=\"envira-gallery-wrap-512\" class=\"envira-gallery-wrap envira-gallery-theme-base envira-lightbox-theme-base\" itemscope itemtype=\"http:\/\/schema.org\/ImageGallery\"><div id=\"envira-gallery-512\" class=\"envira-gallery-public envira-gallery-3-columns envira-clear enviratope envira-gallery-css-animations\" data-envira-columns=\"3\"><div id=\"envira-gallery-item-322\" class=\"envira-gallery-item enviratope-item envira-gallery-item-1\" style=\"padding-left: 5px; padding-bottom: 10px; padding-right: 5px;\"  itemscope itemtype=\"http:\/\/schema.org\/ImageObject\"><div class=\"envira-gallery-item-inner\"><a href=\"https:\/\/lakatosuzemmohacs.hu\/app\/uploads\/2015\/04\/IMG_0965jv1.jpg\" class=\"envira-gallery-512 envira-gallery-link\" rel=\"enviragallery512\" title=\"IMG_0965jv\" data-envira-caption=\"\" data-envira-retina=\"\" data-thumbnail=\"https:\/\/lakatosuzemmohacs.hu\/app\/uploads\/2015\/04\/IMG_0965jv1-75x50_c.jpg\"  itemprop=\"contentUrl\"><img id=\"envira-gallery-image-322\" class=\"envira-gallery-image envira-gallery-image-1\" data-envira-index=\"1\" src=\"https:\/\/lakatosuzemmohacs.hu\/app\/uploads\/2015\/04\/IMG_0965jv1-300x208.jpg\" data-envira-src=\"https:\/\/lakatosuzemmohacs.hu\/app\/uploads\/2015\/04\/IMG_0965jv1-300x208.jpg\" data-envira-gallery-id=\"512\" data-envira-item-id=\"322\" alt=\"szemcsesz\u00f3r\u00f3 kabin\" title=\"IMG_0965jv\"  itemprop=\"thumbnailUrl\" srcset=\"https:\/\/lakatosuzemmohacs.hu\/app\/uploads\/2015\/04\/IMG_0965jv1.jpg 2x\" \/><\/a><\/div><\/div><div id=\"envira-gallery-item-320\" class=\"envira-gallery-item enviratope-item envira-gallery-item-2\" style=\"padding-left: 5px; padding-bottom: 10px; padding-right: 5px;\"  itemscope itemtype=\"http:\/\/schema.org\/ImageObject\"><div class=\"envira-gallery-item-inner\"><a href=\"https:\/\/lakatosuzemmohacs.hu\/app\/uploads\/2015\/04\/IMG_0973jv.jpg\" class=\"envira-gallery-512 envira-gallery-link\" rel=\"enviragallery512\" title=\"IMG_0973jv\" data-envira-caption=\"\" data-envira-retina=\"\" data-thumbnail=\"https:\/\/lakatosuzemmohacs.hu\/app\/uploads\/2015\/04\/IMG_0973jv-75x50_c.jpg\"  itemprop=\"contentUrl\"><img id=\"envira-gallery-image-320\" class=\"envira-gallery-image envira-gallery-image-2\" data-envira-index=\"2\" src=\"https:\/\/lakatosuzemmohacs.hu\/app\/uploads\/2015\/04\/IMG_0973jv-300x200.jpg\" data-envira-src=\"https:\/\/lakatosuzemmohacs.hu\/app\/uploads\/2015\/04\/IMG_0973jv-300x200.jpg\" data-envira-gallery-id=\"512\" data-envira-item-id=\"320\" alt=\"vasalapanyag rakt\u00e1r\" title=\"IMG_0973jv\"  itemprop=\"thumbnailUrl\" srcset=\"https:\/\/lakatosuzemmohacs.hu\/app\/uploads\/2015\/04\/IMG_0973jv.jpg 2x\" \/><\/a><\/div><\/div><div id=\"envira-gallery-item-324\" class=\"envira-gallery-item enviratope-item envira-gallery-item-3\" style=\"padding-left: 5px; padding-bottom: 10px; padding-right: 5px;\"  itemscope itemtype=\"http:\/\/schema.org\/ImageObject\"><div class=\"envira-gallery-item-inner\"><a href=\"https:\/\/lakatosuzemmohacs.hu\/app\/uploads\/2015\/04\/IMG_0979jv1.jpg\" class=\"envira-gallery-512 envira-gallery-link\" rel=\"enviragallery512\" title=\"IMG_0979jv\" data-envira-caption=\"\" data-envira-retina=\"\" data-thumbnail=\"https:\/\/lakatosuzemmohacs.hu\/app\/uploads\/2015\/04\/IMG_0979jv1-75x50_c.jpg\"  itemprop=\"contentUrl\"><img id=\"envira-gallery-image-324\" class=\"envira-gallery-image envira-gallery-image-3\" data-envira-index=\"3\" src=\"https:\/\/lakatosuzemmohacs.hu\/app\/uploads\/2015\/04\/IMG_0979jv1-300x200.jpg\" data-envira-src=\"https:\/\/lakatosuzemmohacs.hu\/app\/uploads\/2015\/04\/IMG_0979jv1-300x200.jpg\" data-envira-gallery-id=\"512\" data-envira-item-id=\"324\" alt=\"darabol\u00f3 m\u0171hely\" title=\"IMG_0979jv\"  itemprop=\"thumbnailUrl\" srcset=\"https:\/\/lakatosuzemmohacs.hu\/app\/uploads\/2015\/04\/IMG_0979jv1.jpg 2x\" \/><\/a><\/div><\/div><div id=\"envira-gallery-item-309\" class=\"envira-gallery-item enviratope-item envira-gallery-item-4\" style=\"padding-left: 5px; padding-bottom: 10px; padding-right: 5px;\"  itemscope itemtype=\"http:\/\/schema.org\/ImageObject\"><div class=\"envira-gallery-item-inner\"><a href=\"https:\/\/lakatosuzemmohacs.hu\/app\/uploads\/2015\/03\/IMG_0696jv.jpg\" class=\"envira-gallery-512 envira-gallery-link\" rel=\"enviragallery512\" title=\"IMG_0696jv\" data-envira-caption=\"\" data-envira-retina=\"\" data-thumbnail=\"https:\/\/lakatosuzemmohacs.hu\/app\/uploads\/2015\/03\/IMG_0696jv-75x50_c.jpg\"  itemprop=\"contentUrl\"><img id=\"envira-gallery-image-309\" class=\"envira-gallery-image envira-gallery-image-4\" data-envira-index=\"4\" src=\"https:\/\/lakatosuzemmohacs.hu\/app\/uploads\/2015\/03\/IMG_0696jv-300x200.jpg\" data-envira-src=\"https:\/\/lakatosuzemmohacs.hu\/app\/uploads\/2015\/03\/IMG_0696jv-300x200.jpg\" data-envira-gallery-id=\"512\" data-envira-item-id=\"309\" alt=\"lakatos\u00fczem moh\u00e1cs\" title=\"IMG_0696jv\"  itemprop=\"thumbnailUrl\" srcset=\"https:\/\/lakatosuzemmohacs.hu\/app\/uploads\/2015\/03\/IMG_0696jv.jpg 2x\" \/><\/a><\/div><\/div><div id=\"envira-gallery-item-308\" class=\"envira-gallery-item enviratope-item envira-gallery-item-5\" style=\"padding-left: 5px; padding-bottom: 10px; padding-right: 5px;\"  itemscope itemtype=\"http:\/\/schema.org\/ImageObject\"><div class=\"envira-gallery-item-inner\"><a href=\"https:\/\/lakatosuzemmohacs.hu\/app\/uploads\/2015\/03\/IMG_0693jv.jpg\" class=\"envira-gallery-512 envira-gallery-link\" rel=\"enviragallery512\" title=\"IMG_0693jv\" data-envira-caption=\"\" data-envira-retina=\"\" data-thumbnail=\"https:\/\/lakatosuzemmohacs.hu\/app\/uploads\/2015\/03\/IMG_0693jv-75x50_c.jpg\"  itemprop=\"contentUrl\"><img id=\"envira-gallery-image-308\" class=\"envira-gallery-image envira-gallery-image-5\" data-envira-index=\"5\" src=\"https:\/\/lakatosuzemmohacs.hu\/app\/uploads\/2015\/03\/IMG_0693jv-300x176.jpg\" data-envira-src=\"https:\/\/lakatosuzemmohacs.hu\/app\/uploads\/2015\/03\/IMG_0693jv-300x176.jpg\" data-envira-gallery-id=\"512\" data-envira-item-id=\"308\" alt=\"m\u00e9h telep moh\u00e1cs\" title=\"IMG_0693jv\"  itemprop=\"thumbnailUrl\" srcset=\"https:\/\/lakatosuzemmohacs.hu\/app\/uploads\/2015\/03\/IMG_0693jv.jpg 2x\" \/><\/a><\/div><\/div><div id=\"envira-gallery-item-307\" class=\"envira-gallery-item enviratope-item envira-gallery-item-6\" style=\"padding-left: 5px; padding-bottom: 10px; padding-right: 5px;\"  itemscope itemtype=\"http:\/\/schema.org\/ImageObject\"><div class=\"envira-gallery-item-inner\"><a href=\"https:\/\/lakatosuzemmohacs.hu\/app\/uploads\/2015\/03\/IMG_0696.jpg\" class=\"envira-gallery-512 envira-gallery-link\" rel=\"enviragallery512\" title=\"IMG_0696\" data-envira-caption=\"\" data-envira-retina=\"\" data-thumbnail=\"https:\/\/lakatosuzemmohacs.hu\/app\/uploads\/2015\/03\/IMG_0696-75x50_c.jpg\"  itemprop=\"contentUrl\"><img id=\"envira-gallery-image-307\" class=\"envira-gallery-image envira-gallery-image-6\" data-envira-index=\"6\" src=\"https:\/\/lakatosuzemmohacs.hu\/app\/uploads\/2015\/03\/IMG_0696-300x200.jpg\" data-envira-src=\"https:\/\/lakatosuzemmohacs.hu\/app\/uploads\/2015\/03\/IMG_0696-300x200.jpg\" data-envira-gallery-id=\"512\" data-envira-item-id=\"307\" alt=\"lakatos\u00fczem moh\u00e1cs\" title=\"IMG_0696\"  itemprop=\"thumbnailUrl\" srcset=\"https:\/\/lakatosuzemmohacs.hu\/app\/uploads\/2015\/03\/IMG_0696.jpg 2x\" \/><\/a><\/div><\/div><div id=\"envira-gallery-item-306\" class=\"envira-gallery-item enviratope-item envira-gallery-item-7\" style=\"padding-left: 5px; padding-bottom: 10px; padding-right: 5px;\"  itemscope itemtype=\"http:\/\/schema.org\/ImageObject\"><div class=\"envira-gallery-item-inner\"><a href=\"https:\/\/lakatosuzemmohacs.hu\/app\/uploads\/2015\/03\/IMG_8759.jpg\" class=\"envira-gallery-512 envira-gallery-link\" rel=\"enviragallery512\" title=\"IMG_8759\" data-envira-caption=\"\" data-envira-retina=\"\" data-thumbnail=\"https:\/\/lakatosuzemmohacs.hu\/app\/uploads\/2015\/03\/IMG_8759-75x50_c.jpg\"  itemprop=\"contentUrl\"><img id=\"envira-gallery-image-306\" class=\"envira-gallery-image envira-gallery-image-7\" data-envira-index=\"7\" src=\"https:\/\/lakatosuzemmohacs.hu\/app\/uploads\/2015\/03\/IMG_8759-300x200.jpg\" data-envira-src=\"https:\/\/lakatosuzemmohacs.hu\/app\/uploads\/2015\/03\/IMG_8759-300x200.jpg\" data-envira-gallery-id=\"512\" data-envira-item-id=\"306\" alt=\"lakatos\u00fczem moh\u00e1cs\" title=\"IMG_8759\"  itemprop=\"thumbnailUrl\" srcset=\"https:\/\/lakatosuzemmohacs.hu\/app\/uploads\/2015\/03\/IMG_8759.jpg 2x\" \/><\/a><\/div><\/div><div id=\"envira-gallery-item-305\" class=\"envira-gallery-item enviratope-item envira-gallery-item-8\" style=\"padding-left: 5px; padding-bottom: 10px; padding-right: 5px;\"  itemscope itemtype=\"http:\/\/schema.org\/ImageObject\"><div class=\"envira-gallery-item-inner\"><a href=\"https:\/\/lakatosuzemmohacs.hu\/app\/uploads\/2015\/03\/IMG_8753j.jpg\" class=\"envira-gallery-512 envira-gallery-link\" rel=\"enviragallery512\" title=\"IMG_8753j\" data-envira-caption=\"\" data-envira-retina=\"\" data-thumbnail=\"https:\/\/lakatosuzemmohacs.hu\/app\/uploads\/2015\/03\/IMG_8753j-75x50_c.jpg\"  itemprop=\"contentUrl\"><img id=\"envira-gallery-image-305\" class=\"envira-gallery-image envira-gallery-image-8\" data-envira-index=\"8\" src=\"https:\/\/lakatosuzemmohacs.hu\/app\/uploads\/2015\/03\/IMG_8753j-300x146.jpg\" data-envira-src=\"https:\/\/lakatosuzemmohacs.hu\/app\/uploads\/2015\/03\/IMG_8753j-300x146.jpg\" data-envira-gallery-id=\"512\" data-envira-item-id=\"305\" alt=\"lakatos\u00fczem moh\u00e1cs\" title=\"IMG_8753j\"  itemprop=\"thumbnailUrl\" srcset=\"https:\/\/lakatosuzemmohacs.hu\/app\/uploads\/2015\/03\/IMG_8753j.jpg 2x\" \/><\/a><\/div><\/div><div id=\"envira-gallery-item-304\" class=\"envira-gallery-item enviratope-item envira-gallery-item-9\" style=\"padding-left: 5px; padding-bottom: 10px; padding-right: 5px;\"  itemscope itemtype=\"http:\/\/schema.org\/ImageObject\"><div class=\"envira-gallery-item-inner\"><a href=\"https:\/\/lakatosuzemmohacs.hu\/app\/uploads\/2015\/03\/IMG_8749.jpg\" class=\"envira-gallery-512 envira-gallery-link\" rel=\"enviragallery512\" title=\"IMG_8749\" data-envira-caption=\"\" data-envira-retina=\"\" data-thumbnail=\"https:\/\/lakatosuzemmohacs.hu\/app\/uploads\/2015\/03\/IMG_8749-75x50_c.jpg\"  itemprop=\"contentUrl\"><img id=\"envira-gallery-image-304\" class=\"envira-gallery-image envira-gallery-image-9\" data-envira-index=\"9\" src=\"https:\/\/lakatosuzemmohacs.hu\/app\/uploads\/2015\/03\/IMG_8749-300x200.jpg\" data-envira-src=\"https:\/\/lakatosuzemmohacs.hu\/app\/uploads\/2015\/03\/IMG_8749-300x200.jpg\" data-envira-gallery-id=\"512\" data-envira-item-id=\"304\" alt=\"lakatos\u00fczem moh\u00e1cs\" title=\"IMG_8749\"  itemprop=\"thumbnailUrl\" srcset=\"https:\/\/lakatosuzemmohacs.hu\/app\/uploads\/2015\/03\/IMG_8749.jpg 2x\" \/><\/a><\/div><\/div><div id=\"envira-gallery-item-265\" class=\"envira-gallery-item enviratope-item envira-gallery-item-10\" style=\"padding-left: 5px; padding-bottom: 10px; padding-right: 5px;\"  itemscope itemtype=\"http:\/\/schema.org\/ImageObject\"><div class=\"envira-gallery-item-inner\"><a href=\"https:\/\/lakatosuzemmohacs.hu\/app\/uploads\/2015\/02\/IMG_8753j.jpg\" class=\"envira-gallery-512 envira-gallery-link\" rel=\"enviragallery512\" title=\"IMG_8753j\" data-envira-caption=\"\" data-envira-retina=\"\" data-thumbnail=\"https:\/\/lakatosuzemmohacs.hu\/app\/uploads\/2015\/02\/IMG_8753j-75x50_c.jpg\"  itemprop=\"contentUrl\"><img id=\"envira-gallery-image-265\" class=\"envira-gallery-image envira-gallery-image-10\" data-envira-index=\"10\" src=\"https:\/\/lakatosuzemmohacs.hu\/app\/uploads\/2015\/02\/IMG_8753j-300x146.jpg\" data-envira-src=\"https:\/\/lakatosuzemmohacs.hu\/app\/uploads\/2015\/02\/IMG_8753j-300x146.jpg\" data-envira-gallery-id=\"512\" data-envira-item-id=\"265\" alt=\"lakatos\u00fczem moh\u00e1cs\" title=\"IMG_8753j\"  itemprop=\"thumbnailUrl\" srcset=\"https:\/\/lakatosuzemmohacs.hu\/app\/uploads\/2015\/02\/IMG_8753j.jpg 2x\" \/><\/a><\/div><\/div><div id=\"envira-gallery-item-264\" class=\"envira-gallery-item enviratope-item envira-gallery-item-11\" style=\"padding-left: 5px; padding-bottom: 10px; padding-right: 5px;\"  itemscope itemtype=\"http:\/\/schema.org\/ImageObject\"><div class=\"envira-gallery-item-inner\"><a href=\"https:\/\/lakatosuzemmohacs.hu\/app\/uploads\/2015\/02\/IMG_8753jv.jpg\" class=\"envira-gallery-512 envira-gallery-link\" rel=\"enviragallery512\" title=\"IMG_8753jv\" data-envira-caption=\"\" data-envira-retina=\"\" data-thumbnail=\"https:\/\/lakatosuzemmohacs.hu\/app\/uploads\/2015\/02\/IMG_8753jv-75x50_c.jpg\"  itemprop=\"contentUrl\"><img id=\"envira-gallery-image-264\" class=\"envira-gallery-image envira-gallery-image-11\" data-envira-index=\"11\" src=\"https:\/\/lakatosuzemmohacs.hu\/app\/uploads\/2015\/02\/IMG_8753jv-300x146.jpg\" data-envira-src=\"https:\/\/lakatosuzemmohacs.hu\/app\/uploads\/2015\/02\/IMG_8753jv-300x146.jpg\" data-envira-gallery-id=\"512\" data-envira-item-id=\"264\" alt=\"lakatos\u00fczem\" title=\"IMG_8753jv\"  itemprop=\"thumbnailUrl\" srcset=\"https:\/\/lakatosuzemmohacs.hu\/app\/uploads\/2015\/02\/IMG_8753jv.jpg 2x\" \/><\/a><\/div><\/div><div id=\"envira-gallery-item-233\" class=\"envira-gallery-item enviratope-item envira-gallery-item-12\" style=\"padding-left: 5px; padding-bottom: 10px; padding-right: 5px;\"  itemscope itemtype=\"http:\/\/schema.org\/ImageObject\"><div class=\"envira-gallery-item-inner\"><a href=\"https:\/\/lakatosuzemmohacs.hu\/app\/uploads\/2015\/03\/IMG_8742.jpg\" class=\"envira-gallery-512 envira-gallery-link\" rel=\"enviragallery512\" title=\"IMG_8742\" data-envira-caption=\"\" data-envira-retina=\"\" data-thumbnail=\"https:\/\/lakatosuzemmohacs.hu\/app\/uploads\/2015\/03\/IMG_8742-75x50_c.jpg\"  itemprop=\"contentUrl\"><img id=\"envira-gallery-image-233\" class=\"envira-gallery-image envira-gallery-image-12\" data-envira-index=\"12\" src=\"https:\/\/lakatosuzemmohacs.hu\/app\/uploads\/2015\/03\/IMG_8742-300x200.jpg\" data-envira-src=\"https:\/\/lakatosuzemmohacs.hu\/app\/uploads\/2015\/03\/IMG_8742-300x200.jpg\" data-envira-gallery-id=\"512\" data-envira-item-id=\"233\" alt=\"ac\u00e9l \u00e9s f\u00e9mszerkezet gy\u00e1rt\u00e1s\" title=\"IMG_8742\"  itemprop=\"thumbnailUrl\" srcset=\"https:\/\/lakatosuzemmohacs.hu\/app\/uploads\/2015\/03\/IMG_8742.jpg 2x\" \/><\/a><\/div><\/div><div id=\"envira-gallery-item-234\" class=\"envira-gallery-item enviratope-item envira-gallery-item-13\" style=\"padding-left: 5px; padding-bottom: 10px; padding-right: 5px;\"  itemscope itemtype=\"http:\/\/schema.org\/ImageObject\"><div class=\"envira-gallery-item-inner\"><a href=\"https:\/\/lakatosuzemmohacs.hu\/app\/uploads\/2015\/03\/IMG_8553.jpg\" class=\"envira-gallery-512 envira-gallery-link\" rel=\"enviragallery512\" title=\"IMG_8553\" data-envira-caption=\"\" data-envira-retina=\"\" data-thumbnail=\"https:\/\/lakatosuzemmohacs.hu\/app\/uploads\/2015\/03\/IMG_8553-75x50_c.jpg\"  itemprop=\"contentUrl\"><img id=\"envira-gallery-image-234\" class=\"envira-gallery-image envira-gallery-image-13\" data-envira-index=\"13\" src=\"https:\/\/lakatosuzemmohacs.hu\/app\/uploads\/2015\/03\/IMG_8553-300x200.jpg\" data-envira-src=\"https:\/\/lakatosuzemmohacs.hu\/app\/uploads\/2015\/03\/IMG_8553-300x200.jpg\" data-envira-gallery-id=\"512\" data-envira-item-id=\"234\" alt=\"moh\u00e1csi lakatos\u00fczem\" title=\"IMG_8553\"  itemprop=\"thumbnailUrl\" srcset=\"https:\/\/lakatosuzemmohacs.hu\/app\/uploads\/2015\/03\/IMG_8553.jpg 2x\" \/><\/a><\/div><\/div><div id=\"envira-gallery-item-235\" class=\"envira-gallery-item enviratope-item envira-gallery-item-14\" style=\"padding-left: 5px; padding-bottom: 10px; padding-right: 5px;\"  itemscope itemtype=\"http:\/\/schema.org\/ImageObject\"><div class=\"envira-gallery-item-inner\"><a href=\"https:\/\/lakatosuzemmohacs.hu\/app\/uploads\/2015\/03\/IMG_8570.jpg\" class=\"envira-gallery-512 envira-gallery-link\" rel=\"enviragallery512\" title=\"IMG_8570\" data-envira-caption=\"\" data-envira-retina=\"\" data-thumbnail=\"https:\/\/lakatosuzemmohacs.hu\/app\/uploads\/2015\/03\/IMG_8570-75x50_c.jpg\"  itemprop=\"contentUrl\"><img id=\"envira-gallery-image-235\" class=\"envira-gallery-image envira-gallery-image-14\" data-envira-index=\"14\" src=\"https:\/\/lakatosuzemmohacs.hu\/app\/uploads\/2015\/03\/IMG_8570-300x200.jpg\" data-envira-src=\"https:\/\/lakatosuzemmohacs.hu\/app\/uploads\/2015\/03\/IMG_8570-300x200.jpg\" data-envira-gallery-id=\"512\" data-envira-item-id=\"235\" alt=\"lakatos\u00fczem moh\u00e1cs\" title=\"IMG_8570\"  itemprop=\"thumbnailUrl\" srcset=\"https:\/\/lakatosuzemmohacs.hu\/app\/uploads\/2015\/03\/IMG_8570.jpg 2x\" \/><\/a><\/div><\/div><div id=\"envira-gallery-item-311\" class=\"envira-gallery-item enviratope-item envira-gallery-item-15\" style=\"padding-left: 5px; padding-bottom: 10px; padding-right: 5px;\"  itemscope itemtype=\"http:\/\/schema.org\/ImageObject\"><div class=\"envira-gallery-item-inner\"><a href=\"https:\/\/lakatosuzemmohacs.hu\/app\/uploads\/2015\/04\/IMG_8676j.jpg\" class=\"envira-gallery-512 envira-gallery-link\" rel=\"enviragallery512\" title=\"IMG_8676j\" data-envira-caption=\"\" data-envira-retina=\"\" data-thumbnail=\"https:\/\/lakatosuzemmohacs.hu\/app\/uploads\/2015\/04\/IMG_8676j-75x50_c.jpg\"  itemprop=\"contentUrl\"><img id=\"envira-gallery-image-311\" class=\"envira-gallery-image envira-gallery-image-15\" data-envira-index=\"15\" src=\"https:\/\/lakatosuzemmohacs.hu\/app\/uploads\/2015\/04\/IMG_8676j-300x200.jpg\" data-envira-src=\"https:\/\/lakatosuzemmohacs.hu\/app\/uploads\/2015\/04\/IMG_8676j-300x200.jpg\" data-envira-gallery-id=\"512\" data-envira-item-id=\"311\" alt=\"lakatos hegeszt\u0151 csarnok\" title=\"IMG_8676j\"  itemprop=\"thumbnailUrl\" srcset=\"https:\/\/lakatosuzemmohacs.hu\/app\/uploads\/2015\/04\/IMG_8676j.jpg 2x\" \/><\/a><\/div><\/div><\/div><\/div><noscript><img src=\"https:\/\/lakatosuzemmohacs.hu\/app\/uploads\/2015\/04\/IMG_0965jv1.jpg\" alt=\"szemcsesz\u00f3r\u00f3 kabin\" \/><img src=\"https:\/\/lakatosuzemmohacs.hu\/app\/uploads\/2015\/04\/IMG_0973jv.jpg\" alt=\"vasalapanyag rakt\u00e1r\" \/><img src=\"https:\/\/lakatosuzemmohacs.hu\/app\/uploads\/2015\/04\/IMG_0979jv1.jpg\" alt=\"darabol\u00f3 m\u0171hely\" \/><img src=\"https:\/\/lakatosuzemmohacs.hu\/app\/uploads\/2015\/03\/IMG_0696jv.jpg\" alt=\"lakatos\u00fczem moh\u00e1cs\" \/><img src=\"https:\/\/lakatosuzemmohacs.hu\/app\/uploads\/2015\/03\/IMG_0693jv.jpg\" alt=\"m\u00e9h telep moh\u00e1cs\" \/><img src=\"https:\/\/lakatosuzemmohacs.hu\/app\/uploads\/2015\/03\/IMG_0696.jpg\" alt=\"lakatos\u00fczem moh\u00e1cs\" \/><img src=\"https:\/\/lakatosuzemmohacs.hu\/app\/uploads\/2015\/03\/IMG_8759.jpg\" alt=\"lakatos\u00fczem moh\u00e1cs\" \/><img src=\"https:\/\/lakatosuzemmohacs.hu\/app\/uploads\/2015\/03\/IMG_8753j.jpg\" alt=\"lakatos\u00fczem moh\u00e1cs\" \/><img src=\"https:\/\/lakatosuzemmohacs.hu\/app\/uploads\/2015\/03\/IMG_8749.jpg\" alt=\"lakatos\u00fczem moh\u00e1cs\" \/><img src=\"https:\/\/lakatosuzemmohacs.hu\/app\/uploads\/2015\/02\/IMG_8753j.jpg\" alt=\"lakatos\u00fczem moh\u00e1cs\" \/><img src=\"https:\/\/lakatosuzemmohacs.hu\/app\/uploads\/2015\/02\/IMG_8753jv.jpg\" alt=\"lakatos\u00fczem\" \/><img src=\"https:\/\/lakatosuzemmohacs.hu\/app\/uploads\/2015\/03\/IMG_8742.jpg\" alt=\"ac\u00e9l \u00e9s f\u00e9mszerkezet gy\u00e1rt\u00e1s\" \/><img src=\"https:\/\/lakatosuzemmohacs.hu\/app\/uploads\/2015\/03\/IMG_8553.jpg\" alt=\"moh\u00e1csi lakatos\u00fczem\" \/><img src=\"https:\/\/lakatosuzemmohacs.hu\/app\/uploads\/2015\/03\/IMG_8570.jpg\" alt=\"lakatos\u00fczem moh\u00e1cs\" \/><img src=\"https:\/\/lakatosuzemmohacs.hu\/app\/uploads\/2015\/04\/IMG_8676j.jpg\" alt=\"lakatos hegeszt\u0151 csarnok\" \/><\/noscript>\n","protected":false},"excerpt":{"rendered":"","protected":false},"author":2,"featured_media":0,"parent":0,"menu_order":14,"comment_status":"open","ping_status":"open","template":"","meta":[],"yoast_head":"<!-- This site is optimized with the Yoast SEO plugin v16.2 - https:\/\/yoast.com\/wordpress\/plugins\/seo\/ -->\n<meta name=\"description\" content=\"In our manufacturing and assembly plant we are able to manufacture steel structures, large cylindrical structures and we provide surface treatment as well.\" \/>\n<meta name=\"robots\" content=\"index, follow, max-snippet:-1, max-image-preview:large, max-video-preview:-1\" \/>\n<link rel=\"canonical\" href=\"https:\/\/lakatosuzemmohacs.hu\/en\/our-factory\/\" \/>\n<meta property=\"og:locale\" content=\"en_US\" \/>\n<meta property=\"og:type\" content=\"article\" \/>\n<meta property=\"og:title\" content=\"Our manufacturing and assembly plant |Steel-Metal\" \/>\n<meta property=\"og:description\" content=\"In our manufacturing and assembly plant we are able to manufacture steel structures, large cylindrical structures and we provide surface treatment as well.\" \/>\n<meta property=\"og:url\" content=\"https:\/\/lakatosuzemmohacs.hu\/en\/our-factory\/\" \/>\n<meta property=\"og:site_name\" content=\"Lakatos\u00fczem Moh\u00e1cs\" \/>\n<meta property=\"article:modified_time\" content=\"2016-07-27T10:22:26+00:00\" \/>\n<script type=\"application\/ld+json\" class=\"yoast-schema-graph\">{\"@context\":\"https:\/\/schema.org\",\"@graph\":[{\"@type\":\"WebSite\",\"@id\":\"https:\/\/lakatosuzemmohacs.hu\/#website\",\"url\":\"https:\/\/lakatosuzemmohacs.hu\/\",\"name\":\"Lakatos\\u00fczem Moh\\u00e1cs\",\"description\":\"Ac\\u00e9lszerkezetek, \\u00e9p\\u00edt\\u0151ipari g\\u00e9pek \\u00e9s hengeres testek gy\\u00e1rt\\u00e1sa Moh\\u00e1cson - STEEL-MET\\u00c1L Lakatos\\u00fczem\",\"potentialAction\":[{\"@type\":\"SearchAction\",\"target\":\"https:\/\/lakatosuzemmohacs.hu\/?s={search_term_string}\",\"query-input\":\"required name=search_term_string\"}],\"inLanguage\":\"en-US\"},{\"@type\":\"WebPage\",\"@id\":\"https:\/\/lakatosuzemmohacs.hu\/en\/our-factory\/#webpage\",\"url\":\"https:\/\/lakatosuzemmohacs.hu\/en\/our-factory\/\",\"name\":\"Our manufacturing and assembly plant |Steel-Metal\",\"isPartOf\":{\"@id\":\"https:\/\/lakatosuzemmohacs.hu\/#website\"},\"datePublished\":\"2015-07-06T08:36:39+00:00\",\"dateModified\":\"2016-07-27T10:22:26+00:00\",\"description\":\"In our manufacturing and assembly plant we are able to manufacture steel structures, large cylindrical structures and we provide surface treatment as well.\",\"breadcrumb\":{\"@id\":\"https:\/\/lakatosuzemmohacs.hu\/en\/our-factory\/#breadcrumb\"},\"inLanguage\":\"en-US\",\"potentialAction\":[{\"@type\":\"ReadAction\",\"target\":[\"https:\/\/lakatosuzemmohacs.hu\/en\/our-factory\/\"]}]},{\"@type\":\"BreadcrumbList\",\"@id\":\"https:\/\/lakatosuzemmohacs.hu\/en\/our-factory\/#breadcrumb\",\"itemListElement\":[{\"@type\":\"ListItem\",\"position\":1,\"item\":{\"@type\":\"WebPage\",\"@id\":\"https:\/\/lakatosuzemmohacs.hu\/en\/\",\"url\":\"https:\/\/lakatosuzemmohacs.hu\/en\/\",\"name\":\"Home\"}},{\"@type\":\"ListItem\",\"position\":2,\"item\":{\"@id\":\"https:\/\/lakatosuzemmohacs.hu\/en\/our-factory\/#webpage\"}}]}]}<\/script>\n<!-- \/ Yoast SEO plugin. -->","_links":{"self":[{"href":"https:\/\/lakatosuzemmohacs.hu\/en\/wp-json\/wp\/v2\/pages\/433"}],"collection":[{"href":"https:\/\/lakatosuzemmohacs.hu\/en\/wp-json\/wp\/v2\/pages"}],"about":[{"href":"https:\/\/lakatosuzemmohacs.hu\/en\/wp-json\/wp\/v2\/types\/page"}],"author":[{"embeddable":true,"href":"https:\/\/lakatosuzemmohacs.hu\/en\/wp-json\/wp\/v2\/users\/2"}],"replies":[{"embeddable":true,"href":"https:\/\/lakatosuzemmohacs.hu\/en\/wp-json\/wp\/v2\/comments?post=433"}],"version-history":[{"count":3,"href":"https:\/\/lakatosuzemmohacs.hu\/en\/wp-json\/wp\/v2\/pages\/433\/revisions"}],"predecessor-version":[{"id":515,"href":"https:\/\/lakatosuzemmohacs.hu\/en\/wp-json\/wp\/v2\/pages\/433\/revisions\/515"}],"wp:attachment":[{"href":"https:\/\/lakatosuzemmohacs.hu\/en\/wp-json\/wp\/v2\/media?parent=433"}],"curies":[{"name":"wp","href":"https:\/\/api.w.org\/{rel}","templated":true}]}}